{"id":12,"date":"2020-12-09T12:00:09","date_gmt":"2020-12-09T12:00:09","guid":{"rendered":"https:\/\/lmbpn.com\/br\/contacto\/"},"modified":"2022-01-12T01:01:33","modified_gmt":"2022-01-12T01:01:33","slug":"contacto","status":"publish","type":"page","link":"https:\/\/lmbpn.com\/br\/contacto\/","title":{"rendered":"Contacto"},"content":{"rendered":"<h3>Se desejar entrar em contacto, pode nos enviar um email (inserir um email se o tiver ou atrav\u00e9s <a href=\"mailto:portuguese@lmbpn.com\">portuguese@lmbpn.com<\/a>)<\/h3>\n<p>&nbsp;<\/p>\n<p><strong>Poder\u00e1 nos encontrar no Facebook em:<\/strong><br \/>\nP\u00e1gina do LMBPN em portugu\u00eas: https:\/\/www.facebook.com\/lmbpnemportugues<\/p>\n<p><strong>P\u00e1ginas em ingl\u00eas:<\/strong><br \/>\nKurtherian Gambit Page &#8211; <a href=\"https:\/\/www.facebook.com\/TheKurtherianGambitBooks\" target=\"_blank\" rel=\"noopener\">https:\/\/www.facebook.com\/TheKurtherianGambitBooks<\/a><br \/>\nKurtherian Gambit for Fans and Readers Group &#8211;\u00a0<a href=\"https:\/\/www.facebook.com\/groups\/AgeofExpansion\" target=\"_blank\" rel=\"noopener\">https:\/\/www.facebook.com\/groups\/AgeofExpansion<\/a><br \/>\nLMBPN Publishing (Page) &#8211;\u00a0<a href=\"https:\/\/www.facebook.com\/LMBPNPublishing\" target=\"_blank\" rel=\"noopener\">https:\/\/www.facebook.com\/LMBPNPublishing<\/a><br \/>\nProtected by the Damned (Page) &#8211;\u00a0<a href=\"https:\/\/www.facebook.com\/Protected-by-the-Damned-193345908061855\" target=\"_blank\" rel=\"noopener\">https:\/\/www.facebook.com\/Protected-by-the-Damned-193345908061855<\/a><br \/>\nProtected by the Damned (Group) &#8211;\u00a0<a href=\"https:\/\/www.facebook.com\/groups\/320172985053521\/\" target=\"_blank\" rel=\"noopener\">https:\/\/www.facebook.com\/groups\/320172985053521\/<\/a><br \/>\nTerranavis Universe (Page) &#8211;\u00a0<a href=\"https:\/\/www.facebook.com\/terranavisuniverse\" target=\"_blank\" rel=\"noopener\">https:\/\/www.facebook.com\/terranavisuniverse<\/a><br \/>\nTerranavis Group &#8211;\u00a0<a href=\"https:\/\/www.facebook.com\/groups\/1052939085043493\" target=\"_blank\" rel=\"noopener\">https:\/\/www.facebook.com\/groups\/1052939085043493<\/a><br \/>\nOriceran Page &#8211;\u00a0<a href=\"https:\/\/www.facebook.com\/OriceranUniverse\" target=\"_blank\" rel=\"noopener\">https:\/\/www.facebook.com\/OriceranUniverse<\/a><br \/>\nOriceran Group &#8211;\u00a0<a href=\"https:\/\/www.facebook.com\/groups\/Oriceran\" target=\"_blank\" rel=\"noopener\">https:\/\/www.facebook.com\/groups\/Oriceran<\/a><br \/>\nKurtherian Gambit Fans Write (Group) &#8211; <a href=\"https:\/\/www.facebook.com\/groups\/TKGFansWrite\" target=\"_blank\" rel=\"noopener\">https:\/\/www.facebook.com\/groups\/TKGFansWrite<\/a><br \/>\nLMBPN Reading Group &#8211;\u00a0<a href=\"https:\/\/www.facebook.com\/groups\/LMBPNReading\" target=\"_blank\" rel=\"noopener\">https:\/\/www.facebook.com\/groups\/LMBPNReading<\/a><br \/>\nRenee Page &#8211;\u00a0<a href=\"https:\/\/www.facebook.com\/reneejaggerauthor\" target=\"_blank\" rel=\"noopener\">https:\/\/www.facebook.com\/reneejaggerauthor<\/a><br \/>\nZoo &#8211;\u00a0<a href=\"https:\/\/www.facebook.com\/groups\/lmbpn.thezoo\" target=\"_blank\" rel=\"noopener\">https:\/\/www.facebook.com\/groups\/lmbpn.thezoo<\/a><br \/>\nFresh Book Deals &#8211;\u00a0<a href=\"https:\/\/www.facebook.com\/FreshBookDeals\" target=\"_blank\" rel=\"noopener\">https:\/\/www.facebook.com\/FreshBookDeals<\/a><br \/>\nLMBPN Audiobook Group &#8211;\u00a0<a href=\"https:\/\/www.facebook.com\/groups\/2519122928321119\" target=\"_blank\" rel=\"noopener\">https:\/\/www.facebook.com\/groups\/2519122928321119<\/a><br \/>\nNerdLIT &#8211;\u00a0<a href=\"https:\/\/www.facebook.com\/groups\/467517697425473\/\" target=\"_blank\" rel=\"noopener\">https:\/\/www.facebook.com\/groups\/467517697425473\/<\/a><br \/>\nLMBPN Ladies &#8211;\u00a0<a href=\"https:\/\/www.facebook.com\/groups\/LMBPNforLadies\" target=\"_blank\" rel=\"noopener\">https:\/\/www.facebook.com\/groups\/LMBPNforLadies<\/a><br \/>\nAge of Magic (Group) &#8211;\u00a0<a href=\"https:\/\/www.facebook.com\/groups\/558234164603414\/\" target=\"_blank\" rel=\"noopener\">https:\/\/www.facebook.com\/groups\/558234164603414\/<\/a><br \/>\nAge of Magic (Page) &#8211;\u00a0<a href=\"https:\/\/www.facebook.com\/TheAgeofMagic\" target=\"_blank\" rel=\"noopener\">https:\/\/www.facebook.com\/TheAgeofMagic<\/a><br \/>\nAge of Madness (group) &#8211;\u00a0<a href=\"https:\/\/www.facebook.com\/groups\/ageofmadness\/\" target=\"_blank\" rel=\"noopener\">https:\/\/www.facebook.com\/groups\/ageofmadness\/<\/a><br \/>\nOpus X Group &#8211;\u00a0<a href=\"https:\/\/www.facebook.com\/groups\/lmbpn.opusx\/\" target=\"_blank\" rel=\"noopener\">https:\/\/www.facebook.com\/groups\/lmbpn.opusx\/<\/a><\/p>\n<p><strong>Twitter:<\/strong><br \/>\nFresh Book Deals &#8211;\u00a0<a href=\"https:\/\/twitter.com\/FreshBookDeals\" target=\"_blank\" rel=\"noopener\">https:\/\/twitter.com\/FreshBookDeals<\/a><br \/>\nBraintrust &#8211; <a href=\"https:\/\/twitter.com\/BTOmnibus\" target=\"_blank\" rel=\"noopener\">https:\/\/twitter.com\/BTOmnibus<\/a><br \/>\nLMBPN &#8211;<a href=\"https:\/\/twitter.com\/lmbpn\" target=\"_blank\" rel=\"noopener\">\u00a0https:\/\/twitter.com\/lmbpn<\/a><br \/>\nOpus X <a href=\"https:\/\/twitter.com\/opusxseries\" target=\"_blank\" rel=\"noopener\">https:\/\/twitter.com\/opusxseries<\/a><\/p>\n<p><strong>Instagram:<\/strong><br \/>\nOpus X &#8211; <a href=\"https:\/\/Instagram.com\/opusxseries\" target=\"_blank\" rel=\"noopener\">https:\/\/Instagram.com\/opusxseries<\/a><br \/>\nLMBPN &#8211; <a href=\"https:\/\/Instagram.com\/lmbpn_publishing\" target=\"_blank\" rel=\"noopener\">https:\/\/Instagram.com\/lmbpn_publishing<\/a><\/p>\n<p><strong>TikTok:<\/strong><br \/>\nOpus X &#8211;\u00a0<a href=\"https:\/\/vm.tiktok.com\/ZSywSmSF\/\" target=\"_blank\" rel=\"noopener\">https:\/\/vm.tiktok.com\/ZSywSmSF\/<\/a><br \/>\nLMBPN &#8211;\u00a0<a href=\"https:\/\/vm.tiktok.com\/ZSajVQdp\/\" target=\"_blank\" rel=\"noopener\">https:\/\/vm.tiktok.com\/ZSajVQdp\/<\/a><\/p>\n<p><strong>Reddit:<\/strong><br \/>\nOpus X-\u00a0<a href=\"https:\/\/www.reddit.com\/u\/OpusXSeries\" target=\"_blank\" rel=\"noopener\">https:\/\/www.reddit.com\/u\/OpusXSeries<\/a><br \/>\nLMBPN &#8211;\u00a0<a href=\"https:\/\/www.reddit.com\/r\/LMBPNPublishing\/\" target=\"_blank\" rel=\"noopener\">https:\/\/www.reddit.com\/r\/LMBPNPublishing\/<\/a><br \/>\nOriceran Fans &#8211;\u00a0<a href=\"https:\/\/www.reddit.com\/r\/oriceranfans\/\" target=\"_blank\" rel=\"noopener\">https:\/\/www.reddit.com\/r\/oriceranfans\/<\/a><\/p>\n","protected":false},"excerpt":{"rendered":"<p>Se desejar entrar em contacto, pode nos enviar um email (inserir um email se o tiver ou atrav\u00e9s portuguese@lmbpn.com) &nbsp; Poder\u00e1 nos encontrar no Facebook em: P\u00e1gina do LMBPN em portugu\u00eas: https:\/\/www.facebook.com\/lmbpnemportugues P\u00e1ginas em ingl\u00eas: Kurtherian Gambit Page &#8211; https:\/\/www.facebook.com\/TheKurtherianGambitBooks Kurtherian Gambit for Fans and Readers Group &#8211;\u00a0https:\/\/www.facebook.com\/groups\/AgeofExpansion LMBPN Publishing (Page) &#8211;\u00a0https:\/\/www.facebook.com\/LMBPNPublishing Protected by the [&hellip;]<\/p>\n","protected":false},"author":34,"featured_media":13,"parent":0,"menu_order":2,"comment_status":"closed","ping_status":"closed","template":"","meta":{"_et_pb_use_builder":"","_et_pb_old_content":"","_et_gb_content_width":"","footnotes":""},"class_list":["post-12","page","type-page","status-publish","has-post-thumbnail","hentry"],"yoast_head":"<!-- This site is optimized with the Yoast SEO plugin v27.3 - https:\/\/yoast.com\/product\/yoast-seo-wordpress\/ -->\n<title>Contacto - LMBPN Publishing - Portuguese<\/title>\n<meta name=\"robots\" content=\"index, follow, max-snippet:-1, max-image-preview:large, max-video-preview:-1\" \/>\n<link rel=\"canonical\" href=\"https:\/\/lmbpn.com\/br\/contacto\/\" \/>\n<meta property=\"og:locale\" content=\"en_US\" \/>\n<meta property=\"og:type\" content=\"article\" \/>\n<meta property=\"og:title\" content=\"Contacto - LMBPN Publishing - Portuguese\" \/>\n<meta property=\"og:description\" content=\"Se desejar entrar em contacto, pode nos enviar um email (inserir um email se o tiver ou atrav\u00e9s portuguese@lmbpn.com) &nbsp; Poder\u00e1 nos encontrar no Facebook em: P\u00e1gina do LMBPN em portugu\u00eas: https:\/\/www.facebook.com\/lmbpnemportugues P\u00e1ginas em ingl\u00eas: Kurtherian Gambit Page &#8211; https:\/\/www.facebook.com\/TheKurtherianGambitBooks Kurtherian Gambit for Fans and Readers Group &#8211;\u00a0https:\/\/www.facebook.com\/groups\/AgeofExpansion LMBPN Publishing (Page) &#8211;\u00a0https:\/\/www.facebook.com\/LMBPNPublishing Protected by the [&hellip;]\" \/>\n<meta property=\"og:url\" content=\"https:\/\/lmbpn.com\/br\/contacto\/\" \/>\n<meta property=\"og:site_name\" content=\"LMBPN Publishing - Portuguese\" \/>\n<meta property=\"article:modified_time\" content=\"2022-01-12T01:01:33+00:00\" \/>\n<meta property=\"og:image\" content=\"https:\/\/lmbpn.com\/br\/wp-content\/uploads\/sites\/9\/2021\/06\/espresso-1.jpg\" \/>\n\t<meta property=\"og:image:width\" content=\"2000\" \/>\n\t<meta property=\"og:image:height\" content=\"1200\" \/>\n\t<meta property=\"og:image:type\" content=\"image\/jpeg\" \/>\n<meta name=\"twitter:card\" content=\"summary_large_image\" \/>\n<meta name=\"twitter:label1\" content=\"Est. reading time\" \/>\n\t<meta name=\"twitter:data1\" content=\"1 minute\" \/>\n<script type=\"application\/ld+json\" class=\"yoast-schema-graph\">{\"@context\":\"https:\\\/\\\/schema.org\",\"@graph\":[{\"@type\":\"WebPage\",\"@id\":\"https:\\\/\\\/lmbpn.com\\\/br\\\/contacto\\\/\",\"url\":\"https:\\\/\\\/lmbpn.com\\\/br\\\/contacto\\\/\",\"name\":\"Contacto - LMBPN Publishing - Portuguese\",\"isPartOf\":{\"@id\":\"https:\\\/\\\/lmbpn.com\\\/br\\\/#website\"},\"primaryImageOfPage\":{\"@id\":\"https:\\\/\\\/lmbpn.com\\\/br\\\/contacto\\\/#primaryimage\"},\"image\":{\"@id\":\"https:\\\/\\\/lmbpn.com\\\/br\\\/contacto\\\/#primaryimage\"},\"thumbnailUrl\":\"https:\\\/\\\/lmbpn.com\\\/br\\\/wp-content\\\/uploads\\\/sites\\\/9\\\/2021\\\/06\\\/espresso-1.jpg\",\"datePublished\":\"2020-12-09T12:00:09+00:00\",\"dateModified\":\"2022-01-12T01:01:33+00:00\",\"breadcrumb\":{\"@id\":\"https:\\\/\\\/lmbpn.com\\\/br\\\/contacto\\\/#breadcrumb\"},\"inLanguage\":\"en-US\",\"potentialAction\":[{\"@type\":\"ReadAction\",\"target\":[\"https:\\\/\\\/lmbpn.com\\\/br\\\/contacto\\\/\"]}]},{\"@type\":\"ImageObject\",\"inLanguage\":\"en-US\",\"@id\":\"https:\\\/\\\/lmbpn.com\\\/br\\\/contacto\\\/#primaryimage\",\"url\":\"https:\\\/\\\/lmbpn.com\\\/br\\\/wp-content\\\/uploads\\\/sites\\\/9\\\/2021\\\/06\\\/espresso-1.jpg\",\"contentUrl\":\"https:\\\/\\\/lmbpn.com\\\/br\\\/wp-content\\\/uploads\\\/sites\\\/9\\\/2021\\\/06\\\/espresso-1.jpg\",\"width\":2000,\"height\":1200},{\"@type\":\"BreadcrumbList\",\"@id\":\"https:\\\/\\\/lmbpn.com\\\/br\\\/contacto\\\/#breadcrumb\",\"itemListElement\":[{\"@type\":\"ListItem\",\"position\":1,\"name\":\"Home\",\"item\":\"https:\\\/\\\/lmbpn.com\\\/br\\\/\"},{\"@type\":\"ListItem\",\"position\":2,\"name\":\"Contacto\"}]},{\"@type\":\"WebSite\",\"@id\":\"https:\\\/\\\/lmbpn.com\\\/br\\\/#website\",\"url\":\"https:\\\/\\\/lmbpn.com\\\/br\\\/\",\"name\":\"LMBPN Publishing - Portuguese\",\"description\":\"LMBPN in Portuguese\",\"potentialAction\":[{\"@type\":\"SearchAction\",\"target\":{\"@type\":\"EntryPoint\",\"urlTemplate\":\"https:\\\/\\\/lmbpn.com\\\/br\\\/?s={search_term_string}\"},\"query-input\":{\"@type\":\"PropertyValueSpecification\",\"valueRequired\":true,\"valueName\":\"search_term_string\"}}],\"inLanguage\":\"en-US\"}]}<\/script>\n<!-- \/ Yoast SEO plugin. -->","yoast_head_json":{"title":"Contacto - LMBPN Publishing - Portuguese","robots":{"index":"index","follow":"follow","max-snippet":"max-snippet:-1","max-image-preview":"max-image-preview:large","max-video-preview":"max-video-preview:-1"},"canonical":"https:\/\/lmbpn.com\/br\/contacto\/","og_locale":"en_US","og_type":"article","og_title":"Contacto - LMBPN Publishing - Portuguese","og_description":"Se desejar entrar em contacto, pode nos enviar um email (inserir um email se o tiver ou atrav\u00e9s portuguese@lmbpn.com) &nbsp; Poder\u00e1 nos encontrar no Facebook em: P\u00e1gina do LMBPN em portugu\u00eas: https:\/\/www.facebook.com\/lmbpnemportugues P\u00e1ginas em ingl\u00eas: Kurtherian Gambit Page &#8211; https:\/\/www.facebook.com\/TheKurtherianGambitBooks Kurtherian Gambit for Fans and Readers Group &#8211;\u00a0https:\/\/www.facebook.com\/groups\/AgeofExpansion LMBPN Publishing (Page) &#8211;\u00a0https:\/\/www.facebook.com\/LMBPNPublishing Protected by the [&hellip;]","og_url":"https:\/\/lmbpn.com\/br\/contacto\/","og_site_name":"LMBPN Publishing - Portuguese","article_modified_time":"2022-01-12T01:01:33+00:00","og_image":[{"width":2000,"height":1200,"url":"https:\/\/lmbpn.com\/br\/wp-content\/uploads\/sites\/9\/2021\/06\/espresso-1.jpg","type":"image\/jpeg"}],"twitter_card":"summary_large_image","twitter_misc":{"Est. reading time":"1 minute"},"schema":{"@context":"https:\/\/schema.org","@graph":[{"@type":"WebPage","@id":"https:\/\/lmbpn.com\/br\/contacto\/","url":"https:\/\/lmbpn.com\/br\/contacto\/","name":"Contacto - LMBPN Publishing - Portuguese","isPartOf":{"@id":"https:\/\/lmbpn.com\/br\/#website"},"primaryImageOfPage":{"@id":"https:\/\/lmbpn.com\/br\/contacto\/#primaryimage"},"image":{"@id":"https:\/\/lmbpn.com\/br\/contacto\/#primaryimage"},"thumbnailUrl":"https:\/\/lmbpn.com\/br\/wp-content\/uploads\/sites\/9\/2021\/06\/espresso-1.jpg","datePublished":"2020-12-09T12:00:09+00:00","dateModified":"2022-01-12T01:01:33+00:00","breadcrumb":{"@id":"https:\/\/lmbpn.com\/br\/contacto\/#breadcrumb"},"inLanguage":"en-US","potentialAction":[{"@type":"ReadAction","target":["https:\/\/lmbpn.com\/br\/contacto\/"]}]},{"@type":"ImageObject","inLanguage":"en-US","@id":"https:\/\/lmbpn.com\/br\/contacto\/#primaryimage","url":"https:\/\/lmbpn.com\/br\/wp-content\/uploads\/sites\/9\/2021\/06\/espresso-1.jpg","contentUrl":"https:\/\/lmbpn.com\/br\/wp-content\/uploads\/sites\/9\/2021\/06\/espresso-1.jpg","width":2000,"height":1200},{"@type":"BreadcrumbList","@id":"https:\/\/lmbpn.com\/br\/contacto\/#breadcrumb","itemListElement":[{"@type":"ListItem","position":1,"name":"Home","item":"https:\/\/lmbpn.com\/br\/"},{"@type":"ListItem","position":2,"name":"Contacto"}]},{"@type":"WebSite","@id":"https:\/\/lmbpn.com\/br\/#website","url":"https:\/\/lmbpn.com\/br\/","name":"LMBPN Publishing - Portuguese","description":"LMBPN in Portuguese","potentialAction":[{"@type":"SearchAction","target":{"@type":"EntryPoint","urlTemplate":"https:\/\/lmbpn.com\/br\/?s={search_term_string}"},"query-input":{"@type":"PropertyValueSpecification","valueRequired":true,"valueName":"search_term_string"}}],"inLanguage":"en-US"}]}},"_links":{"self":[{"href":"https:\/\/lmbpn.com\/br\/wp-json\/wp\/v2\/pages\/12","targetHints":{"allow":["GET"]}}],"collection":[{"href":"https:\/\/lmbpn.com\/br\/wp-json\/wp\/v2\/pages"}],"about":[{"href":"https:\/\/lmbpn.com\/br\/wp-json\/wp\/v2\/types\/page"}],"author":[{"embeddable":true,"href":"https:\/\/lmbpn.com\/br\/wp-json\/wp\/v2\/users\/34"}],"replies":[{"embeddable":true,"href":"https:\/\/lmbpn.com\/br\/wp-json\/wp\/v2\/comments?post=12"}],"version-history":[{"count":5,"href":"https:\/\/lmbpn.com\/br\/wp-json\/wp\/v2\/pages\/12\/revisions"}],"predecessor-version":[{"id":57,"href":"https:\/\/lmbpn.com\/br\/wp-json\/wp\/v2\/pages\/12\/revisions\/57"}],"wp:featuredmedia":[{"embeddable":true,"href":"https:\/\/lmbpn.com\/br\/wp-json\/wp\/v2\/media\/13"}],"wp:attachment":[{"href":"https:\/\/lmbpn.com\/br\/wp-json\/wp\/v2\/media?parent=12"}],"curies":[{"name":"wp","href":"https:\/\/api.w.org\/{rel}","templated":true}]}}