{"id":6,"date":"2021-06-08T17:17:54","date_gmt":"2021-06-08T17:17:54","guid":{"rendered":"https:\/\/lmbpn.com\/br\/muchas-gracias\/"},"modified":"2021-06-30T17:29:47","modified_gmt":"2021-06-30T17:29:47","slug":"muchas-gracias","status":"publish","type":"page","link":"https:\/\/lmbpn.com\/br\/muchas-gracias\/","title":{"rendered":"\u00a1Muchas gracias!"},"content":{"rendered":"<p>[et_pb_section fb_built=&#8221;1&#8243; _builder_version=&#8221;3.22&#8243; custom_padding=&#8221;||257px|||&#8221;][et_pb_row _builder_version=&#8221;4.9.2&#8243; background_color=&#8221;#0cbaf0&#8243; background_size=&#8221;initial&#8221; background_position=&#8221;top_left&#8221; background_repeat=&#8221;repeat&#8221; width=&#8221;100%&#8221; max_width=&#8221;650px&#8221; module_alignment=&#8221;center&#8221; custom_margin=&#8221;||||false|false&#8221; custom_padding=&#8221;|20px||20px|false|false&#8221; border_radii=&#8221;on|5px|5px|5px|5px&#8221;][et_pb_column type=&#8221;4_4&#8243; _builder_version=&#8221;3.25&#8243; custom_padding=&#8221;|||&#8221; custom_padding__hover=&#8221;|||&#8221;][et_pb_text _builder_version=&#8221;4.9.2&#8243; background_size=&#8221;initial&#8221; background_position=&#8221;top_left&#8221; background_repeat=&#8221;repeat&#8221;]<\/p>\n<h1> Muito obrigado! <\/h1>\n<p><span style = \"color: # 000000;\"> Voc\u00ea concluiu com \u00eaxito a primeira etapa para se inscrever em nosso boletim informativo. Em breve voc\u00ea receber\u00e1 um e-mail do ActiveCampaign no qual dever\u00e1 clicar no link do e-mail para confirmar que realmente deseja receber nossa newsletter. Este procedimento de dupla confirma\u00e7\u00e3o \u00e9 exigido por lei e impede que algu\u00e9m o registre em qualquer lugar sem ser solicitado.<\/span><\/p>\n<p>[\/et_pb_text][\/et_pb_column][\/et_pb_row][\/et_pb_section]<\/p>\n","protected":false},"excerpt":{"rendered":"<p>[et_pb_section fb_built=&#8221;1&#8243; _builder_version=&#8221;3.22&#8243; custom_padding=&#8221;||257px|||&#8221;][et_pb_row _builder_version=&#8221;4.9.2&#8243; background_color=&#8221;#0cbaf0&#8243; background_size=&#8221;initial&#8221; background_position=&#8221;top_left&#8221; background_repeat=&#8221;repeat&#8221; width=&#8221;100%&#8221; max_width=&#8221;650px&#8221; module_alignment=&#8221;center&#8221; custom_margin=&#8221;||||false|false&#8221; custom_padding=&#8221;|20px||20px|false|false&#8221; border_radii=&#8221;on|5px|5px|5px|5px&#8221;][et_pb_column type=&#8221;4_4&#8243; _builder_version=&#8221;3.25&#8243; custom_padding=&#8221;|||&#8221; custom_padding__hover=&#8221;|||&#8221;][et_pb_text _builder_version=&#8221;4.9.2&#8243; background_size=&#8221;initial&#8221; background_position=&#8221;top_left&#8221; background_repeat=&#8221;repeat&#8221;] Muito obrigado! Voc\u00ea concluiu com \u00eaxito a primeira etapa para se inscrever em nosso boletim informativo. Em breve voc\u00ea receber\u00e1 um e-mail do ActiveCampaign no qual dever\u00e1 clicar no link do e-mail [&hellip;]<\/p>\n","protected":false},"author":34,"featured_media":0,"parent":0,"menu_order":0,"comment_status":"closed","ping_status":"closed","template":"","meta":{"_et_pb_use_builder":"","_et_pb_old_content":"","_et_gb_content_width":"","footnotes":""},"class_list":["post-6","page","type-page","status-publish","hentry"],"yoast_head":"<!-- This site is optimized with the Yoast SEO plugin v27.3 - https:\/\/yoast.com\/product\/yoast-seo-wordpress\/ -->\n<title>\u00a1Muchas gracias! - LMBPN Publishing - Portuguese<\/title>\n<meta name=\"robots\" content=\"index, follow, max-snippet:-1, max-image-preview:large, max-video-preview:-1\" \/>\n<link rel=\"canonical\" href=\"https:\/\/lmbpn.com\/br\/muchas-gracias\/\" \/>\n<meta property=\"og:locale\" content=\"en_US\" \/>\n<meta property=\"og:type\" content=\"article\" \/>\n<meta property=\"og:title\" content=\"\u00a1Muchas gracias! - LMBPN Publishing - Portuguese\" \/>\n<meta property=\"og:description\" content=\"[et_pb_section fb_built=&#8221;1&#8243; _builder_version=&#8221;3.22&#8243; custom_padding=&#8221;||257px|||&#8221;][et_pb_row _builder_version=&#8221;4.9.2&#8243; background_color=&#8221;#0cbaf0&#8243; background_size=&#8221;initial&#8221; background_position=&#8221;top_left&#8221; background_repeat=&#8221;repeat&#8221; width=&#8221;100%&#8221; max_width=&#8221;650px&#8221; module_alignment=&#8221;center&#8221; custom_margin=&#8221;||||false|false&#8221; custom_padding=&#8221;|20px||20px|false|false&#8221; border_radii=&#8221;on|5px|5px|5px|5px&#8221;][et_pb_column type=&#8221;4_4&#8243; _builder_version=&#8221;3.25&#8243; custom_padding=&#8221;|||&#8221; custom_padding__hover=&#8221;|||&#8221;][et_pb_text _builder_version=&#8221;4.9.2&#8243; background_size=&#8221;initial&#8221; background_position=&#8221;top_left&#8221; background_repeat=&#8221;repeat&#8221;] Muito obrigado! Voc\u00ea concluiu com \u00eaxito a primeira etapa para se inscrever em nosso boletim informativo. Em breve voc\u00ea receber\u00e1 um e-mail do ActiveCampaign no qual dever\u00e1 clicar no link do e-mail [&hellip;]\" \/>\n<meta property=\"og:url\" content=\"https:\/\/lmbpn.com\/br\/muchas-gracias\/\" \/>\n<meta property=\"og:site_name\" content=\"LMBPN Publishing - Portuguese\" \/>\n<meta property=\"article:modified_time\" content=\"2021-06-30T17:29:47+00:00\" \/>\n<meta name=\"twitter:card\" content=\"summary_large_image\" \/>\n<meta name=\"twitter:label1\" content=\"Est. reading time\" \/>\n\t<meta name=\"twitter:data1\" content=\"1 minute\" \/>\n<script type=\"application\/ld+json\" class=\"yoast-schema-graph\">{\"@context\":\"https:\\\/\\\/schema.org\",\"@graph\":[{\"@type\":\"WebPage\",\"@id\":\"https:\\\/\\\/lmbpn.com\\\/br\\\/muchas-gracias\\\/\",\"url\":\"https:\\\/\\\/lmbpn.com\\\/br\\\/muchas-gracias\\\/\",\"name\":\"\u00a1Muchas gracias! - LMBPN Publishing - Portuguese\",\"isPartOf\":{\"@id\":\"https:\\\/\\\/lmbpn.com\\\/br\\\/#website\"},\"datePublished\":\"2021-06-08T17:17:54+00:00\",\"dateModified\":\"2021-06-30T17:29:47+00:00\",\"breadcrumb\":{\"@id\":\"https:\\\/\\\/lmbpn.com\\\/br\\\/muchas-gracias\\\/#breadcrumb\"},\"inLanguage\":\"en-US\",\"potentialAction\":[{\"@type\":\"ReadAction\",\"target\":[\"https:\\\/\\\/lmbpn.com\\\/br\\\/muchas-gracias\\\/\"]}]},{\"@type\":\"BreadcrumbList\",\"@id\":\"https:\\\/\\\/lmbpn.com\\\/br\\\/muchas-gracias\\\/#breadcrumb\",\"itemListElement\":[{\"@type\":\"ListItem\",\"position\":1,\"name\":\"Home\",\"item\":\"https:\\\/\\\/lmbpn.com\\\/br\\\/\"},{\"@type\":\"ListItem\",\"position\":2,\"name\":\"\u00a1Muchas gracias!\"}]},{\"@type\":\"WebSite\",\"@id\":\"https:\\\/\\\/lmbpn.com\\\/br\\\/#website\",\"url\":\"https:\\\/\\\/lmbpn.com\\\/br\\\/\",\"name\":\"LMBPN Publishing - Portuguese\",\"description\":\"LMBPN in Portuguese\",\"potentialAction\":[{\"@type\":\"SearchAction\",\"target\":{\"@type\":\"EntryPoint\",\"urlTemplate\":\"https:\\\/\\\/lmbpn.com\\\/br\\\/?s={search_term_string}\"},\"query-input\":{\"@type\":\"PropertyValueSpecification\",\"valueRequired\":true,\"valueName\":\"search_term_string\"}}],\"inLanguage\":\"en-US\"}]}<\/script>\n<!-- \/ Yoast SEO plugin. -->","yoast_head_json":{"title":"\u00a1Muchas gracias! - LMBPN Publishing - Portuguese","robots":{"index":"index","follow":"follow","max-snippet":"max-snippet:-1","max-image-preview":"max-image-preview:large","max-video-preview":"max-video-preview:-1"},"canonical":"https:\/\/lmbpn.com\/br\/muchas-gracias\/","og_locale":"en_US","og_type":"article","og_title":"\u00a1Muchas gracias! - LMBPN Publishing - Portuguese","og_description":"[et_pb_section fb_built=&#8221;1&#8243; _builder_version=&#8221;3.22&#8243; custom_padding=&#8221;||257px|||&#8221;][et_pb_row _builder_version=&#8221;4.9.2&#8243; background_color=&#8221;#0cbaf0&#8243; background_size=&#8221;initial&#8221; background_position=&#8221;top_left&#8221; background_repeat=&#8221;repeat&#8221; width=&#8221;100%&#8221; max_width=&#8221;650px&#8221; module_alignment=&#8221;center&#8221; custom_margin=&#8221;||||false|false&#8221; custom_padding=&#8221;|20px||20px|false|false&#8221; border_radii=&#8221;on|5px|5px|5px|5px&#8221;][et_pb_column type=&#8221;4_4&#8243; _builder_version=&#8221;3.25&#8243; custom_padding=&#8221;|||&#8221; custom_padding__hover=&#8221;|||&#8221;][et_pb_text _builder_version=&#8221;4.9.2&#8243; background_size=&#8221;initial&#8221; background_position=&#8221;top_left&#8221; background_repeat=&#8221;repeat&#8221;] Muito obrigado! Voc\u00ea concluiu com \u00eaxito a primeira etapa para se inscrever em nosso boletim informativo. Em breve voc\u00ea receber\u00e1 um e-mail do ActiveCampaign no qual dever\u00e1 clicar no link do e-mail [&hellip;]","og_url":"https:\/\/lmbpn.com\/br\/muchas-gracias\/","og_site_name":"LMBPN Publishing - Portuguese","article_modified_time":"2021-06-30T17:29:47+00:00","twitter_card":"summary_large_image","twitter_misc":{"Est. reading time":"1 minute"},"schema":{"@context":"https:\/\/schema.org","@graph":[{"@type":"WebPage","@id":"https:\/\/lmbpn.com\/br\/muchas-gracias\/","url":"https:\/\/lmbpn.com\/br\/muchas-gracias\/","name":"\u00a1Muchas gracias! - LMBPN Publishing - Portuguese","isPartOf":{"@id":"https:\/\/lmbpn.com\/br\/#website"},"datePublished":"2021-06-08T17:17:54+00:00","dateModified":"2021-06-30T17:29:47+00:00","breadcrumb":{"@id":"https:\/\/lmbpn.com\/br\/muchas-gracias\/#breadcrumb"},"inLanguage":"en-US","potentialAction":[{"@type":"ReadAction","target":["https:\/\/lmbpn.com\/br\/muchas-gracias\/"]}]},{"@type":"BreadcrumbList","@id":"https:\/\/lmbpn.com\/br\/muchas-gracias\/#breadcrumb","itemListElement":[{"@type":"ListItem","position":1,"name":"Home","item":"https:\/\/lmbpn.com\/br\/"},{"@type":"ListItem","position":2,"name":"\u00a1Muchas gracias!"}]},{"@type":"WebSite","@id":"https:\/\/lmbpn.com\/br\/#website","url":"https:\/\/lmbpn.com\/br\/","name":"LMBPN Publishing - Portuguese","description":"LMBPN in Portuguese","potentialAction":[{"@type":"SearchAction","target":{"@type":"EntryPoint","urlTemplate":"https:\/\/lmbpn.com\/br\/?s={search_term_string}"},"query-input":{"@type":"PropertyValueSpecification","valueRequired":true,"valueName":"search_term_string"}}],"inLanguage":"en-US"}]}},"_links":{"self":[{"href":"https:\/\/lmbpn.com\/br\/wp-json\/wp\/v2\/pages\/6","targetHints":{"allow":["GET"]}}],"collection":[{"href":"https:\/\/lmbpn.com\/br\/wp-json\/wp\/v2\/pages"}],"about":[{"href":"https:\/\/lmbpn.com\/br\/wp-json\/wp\/v2\/types\/page"}],"author":[{"embeddable":true,"href":"https:\/\/lmbpn.com\/br\/wp-json\/wp\/v2\/users\/34"}],"replies":[{"embeddable":true,"href":"https:\/\/lmbpn.com\/br\/wp-json\/wp\/v2\/comments?post=6"}],"version-history":[{"count":1,"href":"https:\/\/lmbpn.com\/br\/wp-json\/wp\/v2\/pages\/6\/revisions"}],"predecessor-version":[{"id":49,"href":"https:\/\/lmbpn.com\/br\/wp-json\/wp\/v2\/pages\/6\/revisions\/49"}],"wp:attachment":[{"href":"https:\/\/lmbpn.com\/br\/wp-json\/wp\/v2\/media?parent=6"}],"curies":[{"name":"wp","href":"https:\/\/api.w.org\/{rel}","templated":true}]}}