{"id":9,"date":"2020-12-09T12:20:15","date_gmt":"2020-12-09T12:20:15","guid":{"rendered":"https:\/\/lmbpn.com\/br\/mas-acerca-de-lmpbn\/"},"modified":"2021-06-15T20:59:06","modified_gmt":"2021-06-15T20:59:06","slug":"acerca-de","status":"publish","type":"page","link":"https:\/\/lmbpn.com\/br\/acerca-de\/","title":{"rendered":"Acerca de"},"content":{"rendered":"<p>LMBPN\u00ae \u00e9 a editora do Kurtherian Gambit, Oriceran, Protected by the Damned e outros Universos. Para al\u00e9m de Michael Anderle, publicamos em ebook, livro e formato de audio, colabora\u00e7\u00f5es com Justin Sloan, Craig Martelle, TS Paul, CM Raymond e LE Barbant, Paul C. Middleton, Amy Hopkins, Ell Leigh Clarke, PT Hylton, Candy Crum, Martha Carr, Sarah Boyce, A. L. Knorr, Sarah Knoffke, entre outros.<\/p>\n<p>Al\u00e9m disso, temos alguns projetos exclusivamente em audio com Martha Carr, Kim Faulks, Jami Albright e A.L. Knorr.<\/p>\n<p><strong>TRADU\u00c7\u00d5ES ESTRANGEIRAS<\/strong><\/p>\n<p>LMBPN Publishing tem em curso tradu\u00e7\u00f5es de The Kurtherian Gambit em alem\u00e3o e espanhol.<\/p>\n<p><strong>DIREITOS DE REPRESENTA\u00c7\u00c3O ESTRANGEIROS<\/strong><\/p>\n<p>Se est\u00e1 interessado em adquirir direitos de representa\u00e7\u00e3o estrangeiros dos nossos livros, por favor nos envie um email para\u00a0<a href=\"mailto:international@LMBPN.com\">international@LMBPN.com<\/a>,\u00a0 ou veja o nosso cat\u00e1logo e informa\u00e7\u00f5es de contacto, clicando no link abaixo:<\/p>\n<p style=\"text-align: center;\"><strong><a href=\"https:\/\/www.pubmatch.com\/LMBPN.html\" target=\"_blank\" rel=\"noopener\">LMBPN Foreign Rights Catalog<\/a><\/strong><\/p>\n<p>LMBPN Foreign Rights Catalog Para outros direitos, por favor visit: \u00a0<a href=\"http:\/\/www.lmbpn.com\/rights\" target=\"_blank\" rel=\"noopener\"><strong>www.lmbpn.com\/rights<\/strong><\/a><\/p>\n<p>&nbsp;<\/p>\n","protected":false},"excerpt":{"rendered":"<p>LMBPN\u00ae \u00e9 a editora do Kurtherian Gambit, Oriceran, Protected by the Damned e outros Universos. Para al\u00e9m de Michael Anderle, publicamos em ebook, livro e formato de audio, colabora\u00e7\u00f5es com Justin Sloan, Craig Martelle, TS Paul, CM Raymond e LE Barbant, Paul C. Middleton, Amy Hopkins, Ell Leigh Clarke, PT Hylton, Candy Crum, Martha Carr, [&hellip;]<\/p>\n","protected":false},"author":34,"featured_media":10,"parent":0,"menu_order":1,"comment_status":"closed","ping_status":"closed","template":"","meta":{"_et_pb_use_builder":"","_et_pb_old_content":"","_et_gb_content_width":"","footnotes":""},"class_list":["post-9","page","type-page","status-publish","has-post-thumbnail","hentry"],"yoast_head":"<!-- This site is optimized with the Yoast SEO plugin v27.3 - https:\/\/yoast.com\/product\/yoast-seo-wordpress\/ -->\n<title>Acerca de - LMBPN Publishing - Portuguese<\/title>\n<meta name=\"robots\" content=\"index, follow, max-snippet:-1, max-image-preview:large, max-video-preview:-1\" \/>\n<link rel=\"canonical\" href=\"https:\/\/lmbpn.com\/br\/acerca-de\/\" \/>\n<meta property=\"og:locale\" content=\"en_US\" \/>\n<meta property=\"og:type\" content=\"article\" \/>\n<meta property=\"og:title\" content=\"Acerca de - LMBPN Publishing - Portuguese\" \/>\n<meta property=\"og:description\" content=\"LMBPN\u00ae \u00e9 a editora do Kurtherian Gambit, Oriceran, Protected by the Damned e outros Universos. Para al\u00e9m de Michael Anderle, publicamos em ebook, livro e formato de audio, colabora\u00e7\u00f5es com Justin Sloan, Craig Martelle, TS Paul, CM Raymond e LE Barbant, Paul C. Middleton, Amy Hopkins, Ell Leigh Clarke, PT Hylton, Candy Crum, Martha Carr, [&hellip;]\" \/>\n<meta property=\"og:url\" content=\"https:\/\/lmbpn.com\/br\/acerca-de\/\" \/>\n<meta property=\"og:site_name\" content=\"LMBPN Publishing - Portuguese\" \/>\n<meta property=\"article:modified_time\" content=\"2021-06-15T20:59:06+00:00\" \/>\n<meta property=\"og:image\" content=\"https:\/\/lmbpn.com\/br\/wp-content\/uploads\/sites\/9\/2021\/06\/2000x1200-Book-Covers-2.jpg\" \/>\n\t<meta property=\"og:image:width\" content=\"2000\" \/>\n\t<meta property=\"og:image:height\" content=\"1200\" \/>\n\t<meta property=\"og:image:type\" content=\"image\/jpeg\" \/>\n<meta name=\"twitter:card\" content=\"summary_large_image\" \/>\n<meta name=\"twitter:label1\" content=\"Est. reading time\" \/>\n\t<meta name=\"twitter:data1\" content=\"1 minute\" \/>\n<script type=\"application\/ld+json\" class=\"yoast-schema-graph\">{\"@context\":\"https:\\\/\\\/schema.org\",\"@graph\":[{\"@type\":\"WebPage\",\"@id\":\"https:\\\/\\\/lmbpn.com\\\/br\\\/acerca-de\\\/\",\"url\":\"https:\\\/\\\/lmbpn.com\\\/br\\\/acerca-de\\\/\",\"name\":\"Acerca de - LMBPN Publishing - Portuguese\",\"isPartOf\":{\"@id\":\"https:\\\/\\\/lmbpn.com\\\/br\\\/#website\"},\"primaryImageOfPage\":{\"@id\":\"https:\\\/\\\/lmbpn.com\\\/br\\\/acerca-de\\\/#primaryimage\"},\"image\":{\"@id\":\"https:\\\/\\\/lmbpn.com\\\/br\\\/acerca-de\\\/#primaryimage\"},\"thumbnailUrl\":\"https:\\\/\\\/lmbpn.com\\\/br\\\/wp-content\\\/uploads\\\/sites\\\/9\\\/2021\\\/06\\\/2000x1200-Book-Covers-2.jpg\",\"datePublished\":\"2020-12-09T12:20:15+00:00\",\"dateModified\":\"2021-06-15T20:59:06+00:00\",\"breadcrumb\":{\"@id\":\"https:\\\/\\\/lmbpn.com\\\/br\\\/acerca-de\\\/#breadcrumb\"},\"inLanguage\":\"en-US\",\"potentialAction\":[{\"@type\":\"ReadAction\",\"target\":[\"https:\\\/\\\/lmbpn.com\\\/br\\\/acerca-de\\\/\"]}]},{\"@type\":\"ImageObject\",\"inLanguage\":\"en-US\",\"@id\":\"https:\\\/\\\/lmbpn.com\\\/br\\\/acerca-de\\\/#primaryimage\",\"url\":\"https:\\\/\\\/lmbpn.com\\\/br\\\/wp-content\\\/uploads\\\/sites\\\/9\\\/2021\\\/06\\\/2000x1200-Book-Covers-2.jpg\",\"contentUrl\":\"https:\\\/\\\/lmbpn.com\\\/br\\\/wp-content\\\/uploads\\\/sites\\\/9\\\/2021\\\/06\\\/2000x1200-Book-Covers-2.jpg\",\"width\":2000,\"height\":1200},{\"@type\":\"BreadcrumbList\",\"@id\":\"https:\\\/\\\/lmbpn.com\\\/br\\\/acerca-de\\\/#breadcrumb\",\"itemListElement\":[{\"@type\":\"ListItem\",\"position\":1,\"name\":\"Home\",\"item\":\"https:\\\/\\\/lmbpn.com\\\/br\\\/\"},{\"@type\":\"ListItem\",\"position\":2,\"name\":\"Acerca de\"}]},{\"@type\":\"WebSite\",\"@id\":\"https:\\\/\\\/lmbpn.com\\\/br\\\/#website\",\"url\":\"https:\\\/\\\/lmbpn.com\\\/br\\\/\",\"name\":\"LMBPN Publishing - Portuguese\",\"description\":\"LMBPN in Portuguese\",\"potentialAction\":[{\"@type\":\"SearchAction\",\"target\":{\"@type\":\"EntryPoint\",\"urlTemplate\":\"https:\\\/\\\/lmbpn.com\\\/br\\\/?s={search_term_string}\"},\"query-input\":{\"@type\":\"PropertyValueSpecification\",\"valueRequired\":true,\"valueName\":\"search_term_string\"}}],\"inLanguage\":\"en-US\"}]}<\/script>\n<!-- \/ Yoast SEO plugin. -->","yoast_head_json":{"title":"Acerca de - LMBPN Publishing - Portuguese","robots":{"index":"index","follow":"follow","max-snippet":"max-snippet:-1","max-image-preview":"max-image-preview:large","max-video-preview":"max-video-preview:-1"},"canonical":"https:\/\/lmbpn.com\/br\/acerca-de\/","og_locale":"en_US","og_type":"article","og_title":"Acerca de - LMBPN Publishing - Portuguese","og_description":"LMBPN\u00ae \u00e9 a editora do Kurtherian Gambit, Oriceran, Protected by the Damned e outros Universos. Para al\u00e9m de Michael Anderle, publicamos em ebook, livro e formato de audio, colabora\u00e7\u00f5es com Justin Sloan, Craig Martelle, TS Paul, CM Raymond e LE Barbant, Paul C. Middleton, Amy Hopkins, Ell Leigh Clarke, PT Hylton, Candy Crum, Martha Carr, [&hellip;]","og_url":"https:\/\/lmbpn.com\/br\/acerca-de\/","og_site_name":"LMBPN Publishing - Portuguese","article_modified_time":"2021-06-15T20:59:06+00:00","og_image":[{"width":2000,"height":1200,"url":"https:\/\/lmbpn.com\/br\/wp-content\/uploads\/sites\/9\/2021\/06\/2000x1200-Book-Covers-2.jpg","type":"image\/jpeg"}],"twitter_card":"summary_large_image","twitter_misc":{"Est. reading time":"1 minute"},"schema":{"@context":"https:\/\/schema.org","@graph":[{"@type":"WebPage","@id":"https:\/\/lmbpn.com\/br\/acerca-de\/","url":"https:\/\/lmbpn.com\/br\/acerca-de\/","name":"Acerca de - LMBPN Publishing - Portuguese","isPartOf":{"@id":"https:\/\/lmbpn.com\/br\/#website"},"primaryImageOfPage":{"@id":"https:\/\/lmbpn.com\/br\/acerca-de\/#primaryimage"},"image":{"@id":"https:\/\/lmbpn.com\/br\/acerca-de\/#primaryimage"},"thumbnailUrl":"https:\/\/lmbpn.com\/br\/wp-content\/uploads\/sites\/9\/2021\/06\/2000x1200-Book-Covers-2.jpg","datePublished":"2020-12-09T12:20:15+00:00","dateModified":"2021-06-15T20:59:06+00:00","breadcrumb":{"@id":"https:\/\/lmbpn.com\/br\/acerca-de\/#breadcrumb"},"inLanguage":"en-US","potentialAction":[{"@type":"ReadAction","target":["https:\/\/lmbpn.com\/br\/acerca-de\/"]}]},{"@type":"ImageObject","inLanguage":"en-US","@id":"https:\/\/lmbpn.com\/br\/acerca-de\/#primaryimage","url":"https:\/\/lmbpn.com\/br\/wp-content\/uploads\/sites\/9\/2021\/06\/2000x1200-Book-Covers-2.jpg","contentUrl":"https:\/\/lmbpn.com\/br\/wp-content\/uploads\/sites\/9\/2021\/06\/2000x1200-Book-Covers-2.jpg","width":2000,"height":1200},{"@type":"BreadcrumbList","@id":"https:\/\/lmbpn.com\/br\/acerca-de\/#breadcrumb","itemListElement":[{"@type":"ListItem","position":1,"name":"Home","item":"https:\/\/lmbpn.com\/br\/"},{"@type":"ListItem","position":2,"name":"Acerca de"}]},{"@type":"WebSite","@id":"https:\/\/lmbpn.com\/br\/#website","url":"https:\/\/lmbpn.com\/br\/","name":"LMBPN Publishing - Portuguese","description":"LMBPN in Portuguese","potentialAction":[{"@type":"SearchAction","target":{"@type":"EntryPoint","urlTemplate":"https:\/\/lmbpn.com\/br\/?s={search_term_string}"},"query-input":{"@type":"PropertyValueSpecification","valueRequired":true,"valueName":"search_term_string"}}],"inLanguage":"en-US"}]}},"_links":{"self":[{"href":"https:\/\/lmbpn.com\/br\/wp-json\/wp\/v2\/pages\/9","targetHints":{"allow":["GET"]}}],"collection":[{"href":"https:\/\/lmbpn.com\/br\/wp-json\/wp\/v2\/pages"}],"about":[{"href":"https:\/\/lmbpn.com\/br\/wp-json\/wp\/v2\/types\/page"}],"author":[{"embeddable":true,"href":"https:\/\/lmbpn.com\/br\/wp-json\/wp\/v2\/users\/34"}],"replies":[{"embeddable":true,"href":"https:\/\/lmbpn.com\/br\/wp-json\/wp\/v2\/comments?post=9"}],"version-history":[{"count":3,"href":"https:\/\/lmbpn.com\/br\/wp-json\/wp\/v2\/pages\/9\/revisions"}],"predecessor-version":[{"id":26,"href":"https:\/\/lmbpn.com\/br\/wp-json\/wp\/v2\/pages\/9\/revisions\/26"}],"wp:featuredmedia":[{"embeddable":true,"href":"https:\/\/lmbpn.com\/br\/wp-json\/wp\/v2\/media\/10"}],"wp:attachment":[{"href":"https:\/\/lmbpn.com\/br\/wp-json\/wp\/v2\/media?parent=9"}],"curies":[{"name":"wp","href":"https:\/\/api.w.org\/{rel}","templated":true}]}}