{"id":8,"date":"2020-12-09T12:23:36","date_gmt":"2020-12-09T12:23:36","guid":{"rendered":"https:\/\/lmbpn.com\/cn\/libros\/"},"modified":"2021-06-08T20:01:31","modified_gmt":"2021-06-08T20:01:31","slug":"%e4%b9%a6%e7%b1%8d","status":"publish","type":"page","link":"https:\/\/lmbpn.com\/cn\/%e4%b9%a6%e7%b1%8d\/","title":{"rendered":"Books | \u4e66\u7c4d"},"content":{"rendered":"<p>[et_pb_section fb_built=&#8221;1&#8243; admin_label=&#8221;section&#8221; _builder_version=&#8221;3.22&#8243;][et_pb_row admin_label=&#8221;row&#8221; _builder_version=&#8221;3.25&#8243; background_size=&#8221;initial&#8221; background_position=&#8221;top_left&#8221; background_repeat=&#8221;repeat&#8221;][et_pb_column type=&#8221;4_4&#8243; _builder_version=&#8221;3.25&#8243; custom_padding=&#8221;|||&#8221; custom_padding__hover=&#8221;|||&#8221;][et_pb_text admin_label=&#8221;Text&#8221; _builder_version=&#8221;4.9.4&#8243; background_size=&#8221;initial&#8221; background_position=&#8221;top_left&#8221; background_repeat=&#8221;repeat&#8221; custom_padding=&#8221;||0px|||&#8221; hover_enabled=&#8221;0&#8243; sticky_enabled=&#8221;0&#8243;]<\/p>\n<p>\u5f53\u60a8\u5728\u7b49\u5f85\u66f4\u591a\u7ffb\u8bd1\u4e3a\u60a8\u6240\u4f7f\u7528\u8bed\u8a00\u7684\u4e66\u7c4d\u65f6\uff0c\u60a8\u53ef\u4ee5\u5728\u4ee5\u4e0b\u7f51\u5740\u67e5\u770b\u6211\u4eec\u7684\u82f1\u6587\u76ee\u5f55: <a href=\"https:\/\/lmbpn.com\/books-by-lmbpn-publishing\/\">\u56fe\u4e66\u76ee\u5f55<\/a><\/p>\n<p>[\/et_pb_text][et_pb_text _builder_version=&#8221;4.9.4&#8243; _module_preset=&#8221;default&#8221;]<\/p>\n<h1><span>LMBPN\u00ae\u6700\u65b0\u7248\u672c<\/span><\/h1>\n<p>[\/et_pb_text][\/et_pb_column][\/et_pb_row][et_pb_row column_structure=&#8221;1_5,1_5,1_5,1_5,1_5&#8243; _builder_version=&#8221;3.25&#8243; background_size=&#8221;initial&#8221; background_position=&#8221;top_left&#8221; background_repeat=&#8221;repeat&#8221;][et_pb_column type=&#8221;1_5&#8243; _builder_version=&#8221;3.0.47&#8243; custom_padding=&#8221;|||&#8221; custom_padding__hover=&#8221;|||&#8221;][\/et_pb_column][et_pb_column type=&#8221;1_5&#8243; _builder_version=&#8221;4.9.0&#8243; _module_preset=&#8221;default&#8221;][\/et_pb_column][et_pb_column type=&#8221;1_5&#8243; _builder_version=&#8221;3.0.47&#8243; custom_padding=&#8221;|||&#8221; custom_padding__hover=&#8221;|||&#8221;][\/et_pb_column][et_pb_column type=&#8221;1_5&#8243; _builder_version=&#8221;3.0.47&#8243; custom_padding=&#8221;|||&#8221; custom_padding__hover=&#8221;|||&#8221;][\/et_pb_column][et_pb_column type=&#8221;1_5&#8243; _builder_version=&#8221;3.0.47&#8243; custom_padding=&#8221;|||&#8221; custom_padding__hover=&#8221;|||&#8221;][\/et_pb_column][\/et_pb_row][\/et_pb_section][et_pb_section fb_built=&#8221;1&#8243; _builder_version=&#8221;4.9.2&#8243; _module_preset=&#8221;default&#8221;][et_pb_row _builder_version=&#8221;4.9.2&#8243; _module_preset=&#8221;default&#8221;][et_pb_column type=&#8221;4_4&#8243; _builder_version=&#8221;4.9.2&#8243; _module_preset=&#8221;default&#8221;][\/et_pb_column][\/et_pb_row][\/et_pb_section]<\/p>\n","protected":false},"excerpt":{"rendered":"<p>\u5f53\u60a8\u5728\u7b49\u5f85\u66f4\u591a\u7ffb\u8bd1\u4e3a\u60a8\u6240\u4f7f\u7528\u8bed\u8a00\u7684\u4e66\u7c4d\u65f6\uff0c\u60a8\u53ef\u4ee5\u5728\u4ee5\u4e0b\u7f51\u5740\u67e5\u770b\u6211\u4eec\u7684\u82f1\u6587\u76ee\u5f55: \u56fe\u4e66\u76ee\u5f55LMBPN\u00ae\u6700\u65b0\u7248\u672c<\/p>\n","protected":false},"author":16,"featured_media":0,"parent":0,"menu_order":4,"comment_status":"closed","ping_status":"closed","template":"","meta":{"_et_pb_use_builder":"on","_et_pb_old_content":"[et_pb_section fb_built=\"1\" admin_label=\"section\" _builder_version=\"3.22\"][et_pb_row admin_label=\"row\" _builder_version=\"3.25\" background_size=\"initial\" background_position=\"top_left\" background_repeat=\"repeat\"][et_pb_column type=\"4_4\" _builder_version=\"3.25\" custom_padding=\"|||\" custom_padding__hover=\"|||\"][et_pb_text admin_label=\"Text\" _builder_version=\"4.9.2\" background_size=\"initial\" background_position=\"top_left\" background_repeat=\"repeat\" custom_padding=\"||0px|||\"]Mientras espera m\u00e1s libros traducidos a su idioma, puede ver nuestro Cat\u00e1logo en ingl\u00e9s en: <a href=\"https:\/\/lmbpn.com\/books-by-lmbpn-publishing\/\" target=\"_blank\" rel=\"noopener\">Cat\u00e1logo de libros<\/a>[\/et_pb_text][et_pb_text _builder_version=\"4.9.2\" _module_preset=\"default\"]\r\n<h1>\u00daltimas versiones de LMBPN\u00ae<\/h1>\r\n[\/et_pb_text][\/et_pb_column][\/et_pb_row][et_pb_row column_structure=\"1_5,1_5,1_5,1_5,1_5\" _builder_version=\"3.25\" background_size=\"initial\" background_position=\"top_left\" background_repeat=\"repeat\"][et_pb_column type=\"1_5\" _builder_version=\"3.0.47\" custom_padding=\"|||\" custom_padding__hover=\"|||\"][et_pb_image src=\"https:\/\/lmbpn.com\/wp-content\/uploads\/2021\/03\/La-Muerte-Se-Convierte-En-Ella-Kindle.jpg\" alt=\"Eet met de dood\" title_text=\"La-Muerte-Se-Convierte-En-Ella-Kindle\" url=\"https:\/\/www.amazon.com\/dp\/B07KFHQSLY\" url_new_window=\"on\" align_tablet=\"center\" align_phone=\"\" align_last_edited=\"on|desktop\" _builder_version=\"4.9.2\" z_index_tablet=\"500\" box_shadow_horizontal_tablet=\"0px\" box_shadow_vertical_tablet=\"0px\" box_shadow_blur_tablet=\"40px\" box_shadow_spread_tablet=\"0px\"][\/et_pb_image][\/et_pb_column][et_pb_column type=\"1_5\" _builder_version=\"4.9.0\" _module_preset=\"default\"][et_pb_image src=\"https:\/\/lmbpn.com\/wp-content\/uploads\/2021\/03\/la-reina-jusiciera.jpg\" title_text=\"la-reina-jusiciera\" url=\"https:\/\/www.amazon.com\/dp\/B07KFHKRQP\" url_new_window=\"on\" _builder_version=\"4.9.2\" _module_preset=\"default\"][\/et_pb_image][\/et_pb_column][et_pb_column type=\"1_5\" _builder_version=\"3.0.47\" custom_padding=\"|||\" custom_padding__hover=\"|||\"][et_pb_image src=\"https:\/\/lmbpn.com\/wp-content\/uploads\/2021\/03\/amor-perdido.jpg\" title_text=\"amor-perdido\" url=\"https:\/\/www.amazon.com\/dp\/B07PNR9J99\" url_new_window=\"on\" _builder_version=\"4.9.2\" _module_preset=\"default\"][\/et_pb_image][\/et_pb_column][et_pb_column type=\"1_5\" _builder_version=\"3.0.47\" custom_padding=\"|||\" custom_padding__hover=\"|||\"][\/et_pb_column][et_pb_column type=\"1_5\" _builder_version=\"3.0.47\" custom_padding=\"|||\" custom_padding__hover=\"|||\"][\/et_pb_column][\/et_pb_row][\/et_pb_section][et_pb_section fb_built=\"1\" _builder_version=\"4.9.2\" _module_preset=\"default\"][et_pb_row _builder_version=\"4.9.2\" _module_preset=\"default\"][et_pb_column type=\"4_4\" _builder_version=\"4.9.2\" _module_preset=\"default\"][et_pb_text _builder_version=\"4.9.4\" _module_preset=\"default\" hover_enabled=\"0\" link_option_url=\"https:\/\/lmbpn.com\/books-by-lmbpn-publishing\/\" link_option_url_new_window=\"on\" sticky_enabled=\"0\"]\r\n<h1>El Gambito Kurtherian en Ingl\u00e9s<\/h1>\r\n\u00a0\r\n\r\n[\/et_pb_text][\/et_pb_column][\/et_pb_row][\/et_pb_section]","_et_gb_content_width":"","footnotes":""},"class_list":["post-8","page","type-page","status-publish","hentry"],"yoast_head":"<!-- This site is optimized with the Yoast SEO plugin v27.3 - https:\/\/yoast.com\/product\/yoast-seo-wordpress\/ -->\n<title>Books | \u4e66\u7c4d - LMBPN Publishing - Chinese<\/title>\n<meta name=\"robots\" content=\"index, follow, max-snippet:-1, max-image-preview:large, max-video-preview:-1\" \/>\n<link rel=\"canonical\" href=\"https:\/\/lmbpn.com\/cn\/\u4e66\u7c4d\/\" \/>\n<meta property=\"og:locale\" content=\"en_US\" \/>\n<meta property=\"og:type\" content=\"article\" \/>\n<meta property=\"og:title\" content=\"Books | \u4e66\u7c4d - LMBPN Publishing - Chinese\" \/>\n<meta property=\"og:description\" content=\"\u5f53\u60a8\u5728\u7b49\u5f85\u66f4\u591a\u7ffb\u8bd1\u4e3a\u60a8\u6240\u4f7f\u7528\u8bed\u8a00\u7684\u4e66\u7c4d\u65f6\uff0c\u60a8\u53ef\u4ee5\u5728\u4ee5\u4e0b\u7f51\u5740\u67e5\u770b\u6211\u4eec\u7684\u82f1\u6587\u76ee\u5f55: \u56fe\u4e66\u76ee\u5f55LMBPN\u00ae\u6700\u65b0\u7248\u672c\" \/>\n<meta property=\"og:url\" content=\"https:\/\/lmbpn.com\/cn\/\u4e66\u7c4d\/\" \/>\n<meta property=\"og:site_name\" content=\"LMBPN Publishing - Chinese\" \/>\n<meta property=\"article:modified_time\" content=\"2021-06-08T20:01:31+00:00\" \/>\n<meta name=\"twitter:card\" content=\"summary_large_image\" \/>\n<meta name=\"twitter:label1\" content=\"Est. reading time\" \/>\n\t<meta name=\"twitter:data1\" content=\"1 minute\" \/>\n<script type=\"application\/ld+json\" class=\"yoast-schema-graph\">{\"@context\":\"https:\\\/\\\/schema.org\",\"@graph\":[{\"@type\":\"WebPage\",\"@id\":\"https:\\\/\\\/lmbpn.com\\\/cn\\\/%e4%b9%a6%e7%b1%8d\\\/\",\"url\":\"https:\\\/\\\/lmbpn.com\\\/cn\\\/%e4%b9%a6%e7%b1%8d\\\/\",\"name\":\"Books | \u4e66\u7c4d - LMBPN Publishing - Chinese\",\"isPartOf\":{\"@id\":\"https:\\\/\\\/lmbpn.com\\\/cn\\\/#website\"},\"datePublished\":\"2020-12-09T12:23:36+00:00\",\"dateModified\":\"2021-06-08T20:01:31+00:00\",\"breadcrumb\":{\"@id\":\"https:\\\/\\\/lmbpn.com\\\/cn\\\/%e4%b9%a6%e7%b1%8d\\\/#breadcrumb\"},\"inLanguage\":\"en-US\",\"potentialAction\":[{\"@type\":\"ReadAction\",\"target\":[\"https:\\\/\\\/lmbpn.com\\\/cn\\\/%e4%b9%a6%e7%b1%8d\\\/\"]}]},{\"@type\":\"BreadcrumbList\",\"@id\":\"https:\\\/\\\/lmbpn.com\\\/cn\\\/%e4%b9%a6%e7%b1%8d\\\/#breadcrumb\",\"itemListElement\":[{\"@type\":\"ListItem\",\"position\":1,\"name\":\"Home\",\"item\":\"https:\\\/\\\/lmbpn.com\\\/cn\\\/\"},{\"@type\":\"ListItem\",\"position\":2,\"name\":\"Books | \u4e66\u7c4d\"}]},{\"@type\":\"WebSite\",\"@id\":\"https:\\\/\\\/lmbpn.com\\\/cn\\\/#website\",\"url\":\"https:\\\/\\\/lmbpn.com\\\/cn\\\/\",\"name\":\"LMBPN Publishing - Chinese\",\"description\":\"LMBPN \u4e2d\u6587\u7ad9\u70b9\",\"potentialAction\":[{\"@type\":\"SearchAction\",\"target\":{\"@type\":\"EntryPoint\",\"urlTemplate\":\"https:\\\/\\\/lmbpn.com\\\/cn\\\/?s={search_term_string}\"},\"query-input\":{\"@type\":\"PropertyValueSpecification\",\"valueRequired\":true,\"valueName\":\"search_term_string\"}}],\"inLanguage\":\"en-US\"}]}<\/script>\n<!-- \/ Yoast SEO plugin. -->","yoast_head_json":{"title":"Books | \u4e66\u7c4d - LMBPN Publishing - Chinese","robots":{"index":"index","follow":"follow","max-snippet":"max-snippet:-1","max-image-preview":"max-image-preview:large","max-video-preview":"max-video-preview:-1"},"canonical":"https:\/\/lmbpn.com\/cn\/\u4e66\u7c4d\/","og_locale":"en_US","og_type":"article","og_title":"Books | \u4e66\u7c4d - LMBPN Publishing - Chinese","og_description":"\u5f53\u60a8\u5728\u7b49\u5f85\u66f4\u591a\u7ffb\u8bd1\u4e3a\u60a8\u6240\u4f7f\u7528\u8bed\u8a00\u7684\u4e66\u7c4d\u65f6\uff0c\u60a8\u53ef\u4ee5\u5728\u4ee5\u4e0b\u7f51\u5740\u67e5\u770b\u6211\u4eec\u7684\u82f1\u6587\u76ee\u5f55: \u56fe\u4e66\u76ee\u5f55LMBPN\u00ae\u6700\u65b0\u7248\u672c","og_url":"https:\/\/lmbpn.com\/cn\/\u4e66\u7c4d\/","og_site_name":"LMBPN Publishing - Chinese","article_modified_time":"2021-06-08T20:01:31+00:00","twitter_card":"summary_large_image","twitter_misc":{"Est. reading time":"1 minute"},"schema":{"@context":"https:\/\/schema.org","@graph":[{"@type":"WebPage","@id":"https:\/\/lmbpn.com\/cn\/%e4%b9%a6%e7%b1%8d\/","url":"https:\/\/lmbpn.com\/cn\/%e4%b9%a6%e7%b1%8d\/","name":"Books | \u4e66\u7c4d - LMBPN Publishing - Chinese","isPartOf":{"@id":"https:\/\/lmbpn.com\/cn\/#website"},"datePublished":"2020-12-09T12:23:36+00:00","dateModified":"2021-06-08T20:01:31+00:00","breadcrumb":{"@id":"https:\/\/lmbpn.com\/cn\/%e4%b9%a6%e7%b1%8d\/#breadcrumb"},"inLanguage":"en-US","potentialAction":[{"@type":"ReadAction","target":["https:\/\/lmbpn.com\/cn\/%e4%b9%a6%e7%b1%8d\/"]}]},{"@type":"BreadcrumbList","@id":"https:\/\/lmbpn.com\/cn\/%e4%b9%a6%e7%b1%8d\/#breadcrumb","itemListElement":[{"@type":"ListItem","position":1,"name":"Home","item":"https:\/\/lmbpn.com\/cn\/"},{"@type":"ListItem","position":2,"name":"Books | \u4e66\u7c4d"}]},{"@type":"WebSite","@id":"https:\/\/lmbpn.com\/cn\/#website","url":"https:\/\/lmbpn.com\/cn\/","name":"LMBPN Publishing - Chinese","description":"LMBPN \u4e2d\u6587\u7ad9\u70b9","potentialAction":[{"@type":"SearchAction","target":{"@type":"EntryPoint","urlTemplate":"https:\/\/lmbpn.com\/cn\/?s={search_term_string}"},"query-input":{"@type":"PropertyValueSpecification","valueRequired":true,"valueName":"search_term_string"}}],"inLanguage":"en-US"}]}},"_links":{"self":[{"href":"https:\/\/lmbpn.com\/cn\/wp-json\/wp\/v2\/pages\/8","targetHints":{"allow":["GET"]}}],"collection":[{"href":"https:\/\/lmbpn.com\/cn\/wp-json\/wp\/v2\/pages"}],"about":[{"href":"https:\/\/lmbpn.com\/cn\/wp-json\/wp\/v2\/types\/page"}],"author":[{"embeddable":true,"href":"https:\/\/lmbpn.com\/cn\/wp-json\/wp\/v2\/users\/16"}],"replies":[{"embeddable":true,"href":"https:\/\/lmbpn.com\/cn\/wp-json\/wp\/v2\/comments?post=8"}],"version-history":[{"count":5,"href":"https:\/\/lmbpn.com\/cn\/wp-json\/wp\/v2\/pages\/8\/revisions"}],"predecessor-version":[{"id":56,"href":"https:\/\/lmbpn.com\/cn\/wp-json\/wp\/v2\/pages\/8\/revisions\/56"}],"wp:attachment":[{"href":"https:\/\/lmbpn.com\/cn\/wp-json\/wp\/v2\/media?parent=8"}],"curies":[{"name":"wp","href":"https:\/\/api.w.org\/{rel}","templated":true}]}}